{"id":252,"date":"2024-04-07T22:20:45","date_gmt":"2024-04-07T22:20:45","guid":{"rendered":"https:\/\/sunsbest.nl\/?post_type=product&#038;p=252"},"modified":"2026-03-26T18:32:13","modified_gmt":"2026-03-26T18:32:13","slug":"sunsbest-solaris-3-rood-lichtbed","status":"publish","type":"product","link":"https:\/\/sunsbest.nl\/en\/product\/sunsbest-solaris-3-rood-lichtbed\/","title":{"rendered":"Sunsbest Solaris 3 Rood-lichtbed"},"content":{"rendered":"<p>[et_pb_section fb_built=&#8221;1&#8243; _builder_version=&#8221;4.16&#8243; custom_padding=&#8221;0px||||false|false&#8221; da_disable_devices=&#8221;off|off|off&#8221; global_colors_info=&#8221;{}&#8221; da_is_popup=&#8221;off&#8221; da_exit_intent=&#8221;off&#8221; da_has_close=&#8221;on&#8221; da_alt_close=&#8221;off&#8221; da_dark_close=&#8221;off&#8221; da_not_modal=&#8221;on&#8221; da_is_singular=&#8221;off&#8221; da_with_loader=&#8221;off&#8221; da_has_shadow=&#8221;on&#8221;][et_pb_row _builder_version=&#8221;4.16&#8243; background_size=&#8221;initial&#8221; background_position=&#8221;top_left&#8221; background_repeat=&#8221;repeat&#8221; width=&#8221;100%&#8221; custom_padding=&#8221;0px||0px||false|false&#8221; global_colors_info=&#8221;{}&#8221;][et_pb_column type=&#8221;4_4&#8243; _builder_version=&#8221;4.16&#8243; custom_padding=&#8221;|||&#8221; global_colors_info=&#8221;{}&#8221; custom_padding__hover=&#8221;|||&#8221;][et_pb_wc_breadcrumb _builder_version=&#8221;4.16&#8243; global_colors_info=&#8221;{}&#8221;][\/et_pb_wc_breadcrumb][et_pb_wc_cart_notice _builder_version=&#8221;4.16&#8243; global_colors_info=&#8221;{}&#8221;][\/et_pb_wc_cart_notice][\/et_pb_column][\/et_pb_row][et_pb_row column_structure=&#8221;1_2,1_2&#8243; _builder_version=&#8221;4.16&#8243; background_size=&#8221;initial&#8221; background_position=&#8221;top_left&#8221; background_repeat=&#8221;repeat&#8221; width=&#8221;100%&#8221; custom_padding=&#8221;0px||||false|false&#8221; global_colors_info=&#8221;{}&#8221;][et_pb_column type=&#8221;1_2&#8243; _builder_version=&#8221;4.16&#8243; custom_padding=&#8221;|||&#8221; global_colors_info=&#8221;{}&#8221; custom_padding__hover=&#8221;|||&#8221;][et_pb_wc_images _builder_version=&#8221;4.16&#8243; global_colors_info=&#8221;{}&#8221;][\/et_pb_wc_images][\/et_pb_column][et_pb_column type=&#8221;1_2&#8243; _builder_version=&#8221;4.16&#8243; custom_padding=&#8221;|||&#8221; global_colors_info=&#8221;{}&#8221; custom_padding__hover=&#8221;|||&#8221;][et_pb_wc_title _builder_version=&#8221;4.16&#8243; global_colors_info=&#8221;{}&#8221;][\/et_pb_wc_title][et_pb_wc_rating _builder_version=&#8221;4.16&#8243; global_colors_info=&#8221;{}&#8221;][\/et_pb_wc_rating][et_pb_wc_description _builder_version=&#8221;4.16&#8243; global_colors_info=&#8221;{}&#8221;][\/et_pb_wc_description][et_pb_wc_price _builder_version=&#8221;4.17.6&#8243; body_text_color=&#8221;#000000&#8243; global_colors_info=&#8221;{}&#8221;][\/et_pb_wc_price][et_pb_wc_add_to_cart show_quantity=&#8221;off&#8221; _builder_version=&#8221;4.17.6&#8243; global_colors_info=&#8221;{}&#8221;][\/et_pb_wc_add_to_cart][et_pb_wc_meta _builder_version=&#8221;4.16&#8243; global_colors_info=&#8221;{}&#8221;][\/et_pb_wc_meta][\/et_pb_column][\/et_pb_row][et_pb_row _builder_version=&#8221;4.16&#8243; background_size=&#8221;initial&#8221; background_position=&#8221;top_left&#8221; background_repeat=&#8221;repeat&#8221; width=&#8221;100%&#8221; global_colors_info=&#8221;{}&#8221;][et_pb_column type=&#8221;4_4&#8243; _builder_version=&#8221;4.16&#8243; custom_padding=&#8221;|||&#8221; global_colors_info=&#8221;{}&#8221; custom_padding__hover=&#8221;|||&#8221;][et_pb_wc_tabs _builder_version=&#8221;4.16&#8243; global_colors_info=&#8221;{}&#8221;]\t\t\t\t\t[\/et_pb_wc_tabs][et_pb_wc_upsells _builder_version=&#8221;4.16&#8243; global_colors_info=&#8221;{}&#8221;][\/et_pb_wc_upsells][et_pb_wc_related_products _builder_version=&#8221;4.16&#8243; global_colors_info=&#8221;{}&#8221;][\/et_pb_wc_related_products][\/et_pb_column][\/et_pb_row][\/et_pb_section]<\/p>\n<span class=\"et_bloom_bottom_trigger\"><\/span>","protected":false},"excerpt":{"rendered":"<p>Solaris 3 is een bijzonder krachtig rood-lichtbed van Sunsbest. In korte tijd bereik je veel met dit bed.<\/p>\n<p>Met de rood-lichttherapie van Solaris word je aan alle kanten door rood licht omhuld. Meer details over de Solaris 3 lees verderop op deze pagina en meer over rood-lichttherapie is te lezen in de verschillende <a href=\"https:\/\/sunsbest.nl\/en\/blog\/\" target=\"_blank\" rel=\"noopener\">blogs<\/a> van Daan de Wit.<\/p>\n<p>Bekijk ook de bijzondere eigenschappen <a href=\"https:\/\/sunsbest.nl\/en\/product\/sunsbest-solaris-4-rood-lichtbed\/\">Solaris 4<\/a> en de <a href=\"https:\/\/sunsbest.nl\/en\/product\/sunsbest-solaris-4plus-rood-lichttherapiebed\/\">Solaris 4Plus<\/a>.<br \/>\n<iframe loading=\"lazy\" title=\"Sunsbest Solaris 2\" src=\"https:\/\/player.vimeo.com\/video\/883294143?badge=0&amp;autopause=0&amp;player_id=0&amp;app_id=58479\" width=\"500\" height=\"281\" frameborder=\"0\"><\/iframe><\/p>","protected":false},"featured_media":860,"comment_status":"closed","ping_status":"closed","template":"","meta":{"_et_pb_use_builder":"on","_et_pb_old_content":"Geef je lichaam op een heel fundamentele manier wat het nodig heeft. Geef het rood licht, het beste van de zon.\r\n\r\nDat kan met een van de panelen van Sunsbest, maar voor wie een paar stappen verder wil, is er nu de mogelijkheid je te volledig te wikkelen in het helende rode licht.\r\n\r\nDe Solaris-lijn van Sunsbest biedt de meest intensieve vorm van rood-lichttherapie. Solaris 3 is erg krachtig en zet duizenden LEDs in met een breed spectrum van gezondmakend licht. Dat laadt de mitochondri\u00ebn van de cellen op en voorziet je, ook tijdens de vele donkere dagen van het jaar, van een flinke hoeveelheid energie.\r\n\r\nHet is mogelijk om het overweldigende licht van de Solaris rood-lichtbedden zelf een keer te ervaren. Het kan bij zonnestudio <a href=\"https:\/\/regiosun.nl\/\" target=\"_blank\" rel=\"noopener\">RegioSun<\/a>, waar een <a href=\"https:\/\/sunsbest.nl\/product\/sunsbest-solaris-4plus-rood-lichttherapiebed\/\">Solaris 4Plus<\/a> op je staat te wachten.\r\n\r\nDe Solaris-zonnebedden bestrijken tijdens \u00e9\u00e9n sessie bijna het gehele lichaamsoppervlak. Wie effici\u00ebntie, kracht, gemak en impact wil combineren, kiest voor Solaris. In deze serie zijn er ook de <a href=\"https:\/\/sunsbest.nl\/product\/sunsbest-solaris-4-rood-lichtbed\/\">Solaris 4<\/a> en <a href=\"https:\/\/sunsbest.nl\/product\/sunsbest-solaris-4plus-rood-lichttherapiebed\/\">Solaris 4Plus<\/a>.\r\n\r\nBekijk alle technische details van de Solaris 3 hieronder.\r\n\r\n&nbsp;\r\n<h2>Extra informatie<\/h2>\r\n<table class=\"woocommerce-product-attributes shop_attributes\">\r\n<tbody>\r\n<tr class=\"woocommerce-product-attributes-item woocommerce-product-attributes-item--attribute_leds\">\r\n<th class=\"woocommerce-product-attributes-item__label\">LEDs<\/th>\r\n<td class=\"woocommerce-product-attributes-item__value\">26.000 stuks<\/td>\r\n<\/tr>\r\n<tr class=\"woocommerce-product-attributes-item woocommerce-product-attributes-item--attribute_golflengtes\">\r\n<th class=\"woocommerce-product-attributes-item__label\">Golflengtes<\/th>\r\n<td class=\"woocommerce-product-attributes-item__value\">Stel zelf samen, bijvoorbeeld 633, 660, 830, 850 en\/of 940 nm<\/td>\r\n<\/tr>\r\n<tr class=\"woocommerce-product-attributes-item woocommerce-product-attributes-item--attribute_gebruiksduur\">\r\n<th class=\"woocommerce-product-attributes-item__label\">Gebruiksduur<\/th>\r\n<td class=\"woocommerce-product-attributes-item__value\">100.000 uur<\/td>\r\n<\/tr>\r\n<tr class=\"woocommerce-product-attributes-item woocommerce-product-attributes-item--attribute_stroomverbruik\">\r\n<th class=\"woocommerce-product-attributes-item__label\">Stroomverbruik<\/th>\r\n<td class=\"woocommerce-product-attributes-item__value\">3300 Watt<\/td>\r\n<\/tr>\r\n<tr class=\"woocommerce-product-attributes-item woocommerce-product-attributes-item--attribute_stroomverbruik\">\r\n<th class=\"woocommerce-product-attributes-item__label\">Amp\u00e8re<\/th>\r\n<td class=\"woocommerce-product-attributes-item__value\">30 - Krachtstroom of fornuisgroep en perilex-stopcontact<\/td>\r\n<\/tr>\r\n<tr class=\"woocommerce-product-attributes-item woocommerce-product-attributes-item--attribute_lichtuitstraling\">\r\n<th class=\"woocommerce-product-attributes-item__label\">Lichtuitstraling<\/th>\r\n<td class=\"woocommerce-product-attributes-item__value\">129 mw per vierkante centimeter<\/td>\r\n<\/tr>\r\n<tr class=\"woocommerce-product-attributes-item woocommerce-product-attributes-item--attribute_lensinvalshoek\">\r\n<th class=\"woocommerce-product-attributes-item__label\">Lensinvalshoek<\/th>\r\n<td class=\"woocommerce-product-attributes-item__value\">120 graden<\/td>\r\n<\/tr>\r\n<tr class=\"woocommerce-product-attributes-item woocommerce-product-attributes-item--attribute_kleur\">\r\n<th class=\"woocommerce-product-attributes-item__label\">Kleur<\/th>\r\n<td class=\"woocommerce-product-attributes-item__value\">Wit<\/td>\r\n<\/tr>\r\n<tr class=\"woocommerce-product-attributes-item woocommerce-product-attributes-item--attribute_gewicht\">\r\n<th class=\"woocommerce-product-attributes-item__label\">Gewicht<\/th>\r\n<td class=\"woocommerce-product-attributes-item__value\">200 kilo<\/td>\r\n<\/tr>\r\n<tr class=\"woocommerce-product-attributes-item woocommerce-product-attributes-item--attribute_muziek\">\r\n<th class=\"woocommerce-product-attributes-item__label\">Muziek<\/th>\r\n<td class=\"woocommerce-product-attributes-item__value\">Bluetooth muziek-systeem<\/td>\r\n<\/tr>\r\n<tr class=\"woocommerce-product-attributes-item woocommerce-product-attributes-item--attribute_muziek\">\r\n<th class=\"woocommerce-product-attributes-item__label\">Tablet<\/th>\r\n<td class=\"woocommerce-product-attributes-item__value\">Ja<\/td>\r\n<\/tr>\r\n<tr class=\"woocommerce-product-attributes-item woocommerce-product-attributes-item--attribute_garantie\">\r\n<th class=\"woocommerce-product-attributes-item__label\">Garantie<\/th>\r\n<td class=\"woocommerce-product-attributes-item__value\">Twee jaar<\/td>\r\n<\/tr>\r\n<tr class=\"woocommerce-product-attributes-item woocommerce-product-attributes-item--attribute_garantie\">\r\n<th class=\"woocommerce-product-attributes-item__label\">Verzenden<\/th>\r\n<td class=\"woocommerce-product-attributes-item__value\">Gratis<\/td>\r\n<\/tr>\r\n<tr class=\"woocommerce-product-attributes-item woocommerce-product-attributes-item--attribute_afmetingen\">\r\n<th class=\"woocommerce-product-attributes-item__label\">Afmetingen<\/th>\r\n<td class=\"woocommerce-product-attributes-item__value\">215 x 103 x 89 cm<\/td>\r\n<\/tr>\r\n<\/tbody>\r\n<\/table>","_et_gb_content_width":""},"product_brand":[],"product_cat":[26],"product_tag":[],"class_list":{"0":"post-252","1":"product","2":"type-product","3":"status-publish","4":"has-post-thumbnail","6":"product_cat-rood-licht-bed","8":"first","9":"onbackorder","10":"taxable","11":"shipping-taxable","12":"purchasable","13":"product-type-simple"},"yoast_head":"<!-- This site is optimized with the Yoast SEO plugin v26.0 - https:\/\/yoast.com\/wordpress\/plugins\/seo\/ -->\n<title>Sunsbest Solaris 3 Rood-lichtbed - Sunsbest<\/title>\n<meta name=\"description\" content=\"De overtreffende trap van rood-lichttherapie is de serie Solaris-bedden van Sunsbest, waarvan de Solaris 3 opvalt met zijn 26.000 gezondheidsbevorderende LEDs.\" \/>\n<meta name=\"robots\" content=\"index, follow, max-snippet:-1, max-image-preview:large, max-video-preview:-1\" \/>\n<link rel=\"canonical\" href=\"https:\/\/sunsbest.nl\/en\/product\/sunsbest-solaris-3-rood-lichtbed\/\" \/>\n<meta property=\"og:locale\" content=\"en_GB\" \/>\n<meta property=\"og:type\" content=\"article\" \/>\n<meta property=\"og:title\" content=\"Sunsbest Solaris 3 Rood-lichtbed - Sunsbest\" \/>\n<meta property=\"og:description\" content=\"De overtreffende trap van rood-lichttherapie is de serie Solaris-bedden van Sunsbest, waarvan de Solaris 3 opvalt met zijn 26.000 gezondheidsbevorderende LEDs.\" \/>\n<meta property=\"og:url\" content=\"https:\/\/sunsbest.nl\/en\/product\/sunsbest-solaris-3-rood-lichtbed\/\" \/>\n<meta property=\"og:site_name\" content=\"Sunsbest\" \/>\n<meta property=\"article:modified_time\" content=\"2026-03-26T18:32:13+00:00\" \/>\n<meta property=\"og:image\" content=\"https:\/\/sunsbest.nl\/wp-content\/uploads\/2024\/04\/Sunsbest-Solaris-2-rood-lichtbed-1024x576.png\" \/>\n\t<meta property=\"og:image:width\" content=\"1024\" \/>\n\t<meta property=\"og:image:height\" content=\"576\" \/>\n\t<meta property=\"og:image:type\" content=\"image\/png\" \/>\n<meta name=\"twitter:card\" content=\"summary_large_image\" \/>\n<meta name=\"twitter:label1\" content=\"Estimated reading time\" \/>\n\t<meta name=\"twitter:data1\" content=\"3 minutes\" \/>\n<script type=\"application\/ld+json\" class=\"yoast-schema-graph\">{\"@context\":\"https:\/\/schema.org\",\"@graph\":[{\"@type\":\"WebPage\",\"@id\":\"https:\/\/sunsbest.nl\/product\/sunsbest-solaris-3-rood-lichtbed\/\",\"url\":\"https:\/\/sunsbest.nl\/product\/sunsbest-solaris-3-rood-lichtbed\/\",\"name\":\"Sunsbest Solaris 3 Rood-lichtbed - Sunsbest\",\"isPartOf\":{\"@id\":\"https:\/\/sunsbest.nl\/#website\"},\"primaryImageOfPage\":{\"@id\":\"https:\/\/sunsbest.nl\/product\/sunsbest-solaris-3-rood-lichtbed\/#primaryimage\"},\"image\":{\"@id\":\"https:\/\/sunsbest.nl\/product\/sunsbest-solaris-3-rood-lichtbed\/#primaryimage\"},\"thumbnailUrl\":\"https:\/\/sunsbest.nl\/wp-content\/uploads\/2024\/04\/Sunsbest-Solaris-2-rood-lichtbed.png\",\"datePublished\":\"2024-04-07T22:20:45+00:00\",\"dateModified\":\"2026-03-26T18:32:13+00:00\",\"description\":\"De overtreffende trap van rood-lichttherapie is de serie Solaris-bedden van Sunsbest, waarvan de Solaris 3 opvalt met zijn 26.000 gezondheidsbevorderende LEDs.\",\"breadcrumb\":{\"@id\":\"https:\/\/sunsbest.nl\/product\/sunsbest-solaris-3-rood-lichtbed\/#breadcrumb\"},\"inLanguage\":\"en-GB\",\"potentialAction\":[{\"@type\":\"ReadAction\",\"target\":[\"https:\/\/sunsbest.nl\/product\/sunsbest-solaris-3-rood-lichtbed\/\"]}]},{\"@type\":\"ImageObject\",\"inLanguage\":\"en-GB\",\"@id\":\"https:\/\/sunsbest.nl\/product\/sunsbest-solaris-3-rood-lichtbed\/#primaryimage\",\"url\":\"https:\/\/sunsbest.nl\/wp-content\/uploads\/2024\/04\/Sunsbest-Solaris-2-rood-lichtbed.png\",\"contentUrl\":\"https:\/\/sunsbest.nl\/wp-content\/uploads\/2024\/04\/Sunsbest-Solaris-2-rood-lichtbed.png\",\"width\":6000,\"height\":3377},{\"@type\":\"BreadcrumbList\",\"@id\":\"https:\/\/sunsbest.nl\/product\/sunsbest-solaris-3-rood-lichtbed\/#breadcrumb\",\"itemListElement\":[{\"@type\":\"ListItem\",\"position\":1,\"name\":\"Home\",\"item\":\"https:\/\/sunsbest.nl\/\"},{\"@type\":\"ListItem\",\"position\":2,\"name\":\"Winkel\",\"item\":\"https:\/\/sunsbest.nl\/producten\/\"},{\"@type\":\"ListItem\",\"position\":3,\"name\":\"Sunsbest Solaris 3 Rood-lichtbed\"}]},{\"@type\":\"WebSite\",\"@id\":\"https:\/\/sunsbest.nl\/#website\",\"url\":\"https:\/\/sunsbest.nl\/\",\"name\":\"Sunsbest\",\"description\":\"Rood licht therapie\",\"publisher\":{\"@id\":\"https:\/\/sunsbest.nl\/#organization\"},\"potentialAction\":[{\"@type\":\"SearchAction\",\"target\":{\"@type\":\"EntryPoint\",\"urlTemplate\":\"https:\/\/sunsbest.nl\/?s={search_term_string}\"},\"query-input\":{\"@type\":\"PropertyValueSpecification\",\"valueRequired\":true,\"valueName\":\"search_term_string\"}}],\"inLanguage\":\"en-GB\"},{\"@type\":\"Organization\",\"@id\":\"https:\/\/sunsbest.nl\/#organization\",\"name\":\"Sunsbest\",\"url\":\"https:\/\/sunsbest.nl\/\",\"logo\":{\"@type\":\"ImageObject\",\"inLanguage\":\"en-GB\",\"@id\":\"https:\/\/sunsbest.nl\/#\/schema\/logo\/image\/\",\"url\":\"https:\/\/sunsbest.nl\/wp-content\/uploads\/2023\/01\/sunsbest-logo.png\",\"contentUrl\":\"https:\/\/sunsbest.nl\/wp-content\/uploads\/2023\/01\/sunsbest-logo.png\",\"width\":587,\"height\":252,\"caption\":\"Sunsbest\"},\"image\":{\"@id\":\"https:\/\/sunsbest.nl\/#\/schema\/logo\/image\/\"}}]}<\/script>\n<!-- \/ Yoast SEO plugin. -->","yoast_head_json":{"title":"Sunsbest Solaris 3 Rood-lichtbed - Sunsbest","description":"De overtreffende trap van rood-lichttherapie is de serie Solaris-bedden van Sunsbest, waarvan de Solaris 3 opvalt met zijn 26.000 gezondheidsbevorderende LEDs.","robots":{"index":"index","follow":"follow","max-snippet":"max-snippet:-1","max-image-preview":"max-image-preview:large","max-video-preview":"max-video-preview:-1"},"canonical":"https:\/\/sunsbest.nl\/en\/product\/sunsbest-solaris-3-rood-lichtbed\/","og_locale":"en_GB","og_type":"article","og_title":"Sunsbest Solaris 3 Rood-lichtbed - Sunsbest","og_description":"De overtreffende trap van rood-lichttherapie is de serie Solaris-bedden van Sunsbest, waarvan de Solaris 3 opvalt met zijn 26.000 gezondheidsbevorderende LEDs.","og_url":"https:\/\/sunsbest.nl\/en\/product\/sunsbest-solaris-3-rood-lichtbed\/","og_site_name":"Sunsbest","article_modified_time":"2026-03-26T18:32:13+00:00","og_image":[{"width":1024,"height":576,"url":"https:\/\/sunsbest.nl\/wp-content\/uploads\/2024\/04\/Sunsbest-Solaris-2-rood-lichtbed-1024x576.png","type":"image\/png"}],"twitter_card":"summary_large_image","twitter_misc":{"Estimated reading time":"3 minutes"},"schema":{"@context":"https:\/\/schema.org","@graph":[{"@type":"WebPage","@id":"https:\/\/sunsbest.nl\/product\/sunsbest-solaris-3-rood-lichtbed\/","url":"https:\/\/sunsbest.nl\/product\/sunsbest-solaris-3-rood-lichtbed\/","name":"Sunsbest Solaris 3 Rood-lichtbed - Sunsbest","isPartOf":{"@id":"https:\/\/sunsbest.nl\/#website"},"primaryImageOfPage":{"@id":"https:\/\/sunsbest.nl\/product\/sunsbest-solaris-3-rood-lichtbed\/#primaryimage"},"image":{"@id":"https:\/\/sunsbest.nl\/product\/sunsbest-solaris-3-rood-lichtbed\/#primaryimage"},"thumbnailUrl":"https:\/\/sunsbest.nl\/wp-content\/uploads\/2024\/04\/Sunsbest-Solaris-2-rood-lichtbed.png","datePublished":"2024-04-07T22:20:45+00:00","dateModified":"2026-03-26T18:32:13+00:00","description":"De overtreffende trap van rood-lichttherapie is de serie Solaris-bedden van Sunsbest, waarvan de Solaris 3 opvalt met zijn 26.000 gezondheidsbevorderende LEDs.","breadcrumb":{"@id":"https:\/\/sunsbest.nl\/product\/sunsbest-solaris-3-rood-lichtbed\/#breadcrumb"},"inLanguage":"en-GB","potentialAction":[{"@type":"ReadAction","target":["https:\/\/sunsbest.nl\/product\/sunsbest-solaris-3-rood-lichtbed\/"]}]},{"@type":"ImageObject","inLanguage":"en-GB","@id":"https:\/\/sunsbest.nl\/product\/sunsbest-solaris-3-rood-lichtbed\/#primaryimage","url":"https:\/\/sunsbest.nl\/wp-content\/uploads\/2024\/04\/Sunsbest-Solaris-2-rood-lichtbed.png","contentUrl":"https:\/\/sunsbest.nl\/wp-content\/uploads\/2024\/04\/Sunsbest-Solaris-2-rood-lichtbed.png","width":6000,"height":3377},{"@type":"BreadcrumbList","@id":"https:\/\/sunsbest.nl\/product\/sunsbest-solaris-3-rood-lichtbed\/#breadcrumb","itemListElement":[{"@type":"ListItem","position":1,"name":"Home","item":"https:\/\/sunsbest.nl\/"},{"@type":"ListItem","position":2,"name":"Winkel","item":"https:\/\/sunsbest.nl\/producten\/"},{"@type":"ListItem","position":3,"name":"Sunsbest Solaris 3 Rood-lichtbed"}]},{"@type":"WebSite","@id":"https:\/\/sunsbest.nl\/#website","url":"https:\/\/sunsbest.nl\/","name":"Sunsbest","description":"Rood licht therapie","publisher":{"@id":"https:\/\/sunsbest.nl\/#organization"},"potentialAction":[{"@type":"SearchAction","target":{"@type":"EntryPoint","urlTemplate":"https:\/\/sunsbest.nl\/?s={search_term_string}"},"query-input":{"@type":"PropertyValueSpecification","valueRequired":true,"valueName":"search_term_string"}}],"inLanguage":"en-GB"},{"@type":"Organization","@id":"https:\/\/sunsbest.nl\/#organization","name":"Sunsbest","url":"https:\/\/sunsbest.nl\/","logo":{"@type":"ImageObject","inLanguage":"en-GB","@id":"https:\/\/sunsbest.nl\/#\/schema\/logo\/image\/","url":"https:\/\/sunsbest.nl\/wp-content\/uploads\/2023\/01\/sunsbest-logo.png","contentUrl":"https:\/\/sunsbest.nl\/wp-content\/uploads\/2023\/01\/sunsbest-logo.png","width":587,"height":252,"caption":"Sunsbest"},"image":{"@id":"https:\/\/sunsbest.nl\/#\/schema\/logo\/image\/"}}]}},"_links":{"self":[{"href":"https:\/\/sunsbest.nl\/en\/wp-json\/wp\/v2\/product\/252","targetHints":{"allow":["GET"]}}],"collection":[{"href":"https:\/\/sunsbest.nl\/en\/wp-json\/wp\/v2\/product"}],"about":[{"href":"https:\/\/sunsbest.nl\/en\/wp-json\/wp\/v2\/types\/product"}],"replies":[{"embeddable":true,"href":"https:\/\/sunsbest.nl\/en\/wp-json\/wp\/v2\/comments?post=252"}],"wp:featuredmedia":[{"embeddable":true,"href":"https:\/\/sunsbest.nl\/en\/wp-json\/wp\/v2\/media\/860"}],"wp:attachment":[{"href":"https:\/\/sunsbest.nl\/en\/wp-json\/wp\/v2\/media?parent=252"}],"wp:term":[{"taxonomy":"product_brand","embeddable":true,"href":"https:\/\/sunsbest.nl\/en\/wp-json\/wp\/v2\/product_brand?post=252"},{"taxonomy":"product_cat","embeddable":true,"href":"https:\/\/sunsbest.nl\/en\/wp-json\/wp\/v2\/product_cat?post=252"},{"taxonomy":"product_tag","embeddable":true,"href":"https:\/\/sunsbest.nl\/en\/wp-json\/wp\/v2\/product_tag?post=252"}],"curies":[{"name":"wp","href":"https:\/\/api.w.org\/{rel}","templated":true}]}}